{"id":123,"date":"2018-09-24T11:46:34","date_gmt":"2018-09-24T11:46:34","guid":{"rendered":"http:\/\/lausboys.lu\/?page_id=123"},"modified":"2025-06-26T14:09:58","modified_gmt":"2025-06-26T14:09:58","slug":"aboutus","status":"publish","type":"page","link":"http:\/\/lausboys.lu\/","title":{"rendered":"About Us"},"content":{"rendered":"<p><img loading=\"lazy\" decoding=\"async\" class=\"aligncenter wp-image-187 size-full\" src=\"http:\/\/lausboys.lu\/wp-content\/uploads\/2021\/09\/DA9ECB7E-71E4-46DF-8258-C0684B791189.jpg\" alt=\"\" width=\"960\" height=\"640\" srcset=\"http:\/\/lausboys.lu\/wp-content\/uploads\/2021\/09\/DA9ECB7E-71E4-46DF-8258-C0684B791189.jpg 960w, http:\/\/lausboys.lu\/wp-content\/uploads\/2021\/09\/DA9ECB7E-71E4-46DF-8258-C0684B791189-300x200.jpg 300w, http:\/\/lausboys.lu\/wp-content\/uploads\/2021\/09\/DA9ECB7E-71E4-46DF-8258-C0684B791189-768x512.jpg 768w\" sizes=\"(max-width: 706px) 89vw, (max-width: 767px) 82vw, 740px\" \/><\/p>\n<p><span class=\"_5yl5\">Lausboys ass een 2018 gestartete gemeinsame Projet vun zwee Kollegen d\u00e9i allm\u00e9iglech Soir\u00e9e\u00ebn anim\u00e9ieren. Och wann de Projet Lausboys relativ rezent ass, bl\u00e9cken d\u00e9i zwee op eng laangj\u00e4reg DJ Erfarung zr\u00e9ck.<\/span><\/p>\n<p><span class=\"_5yl5\">Schonn vu klengem un waren den DJ Roc &amp; DJ Why Not vun der Musik faszin\u00e9iert an no an no ass d&#8217;Begeschterung fir Musik \u00ebmmer m\u00e9i grouss ginn. <\/span><span class=\"_5yl5\">Viru gutt 10 Joer gouf dunn a professionellt Equipment an CDen invest\u00e9iert.<\/span><\/p>\n<p><span class=\"_5yl5\">No an no sinn niewent Gebuerstdagspartyen och verschidde Bars &amp; Baler dob\u00e4i komm wou si regelm\u00e9isseg opgeluegt hunn, w\u00e9i zum Beispill Rives de Clausen, Al See\u00ebrei, Am Daul, Kotton Club, Epic, Caf\u00e9 du Gymnase, Urban Belval etc.<\/span><\/p>\n<p><span class=\"_5yl5\">W\u00e4rend hire Soir\u00e9e\u00ebn sichen d\u2019Lausboys \u00ebmmer d\u00e9i passend Lidder aus hirem grousse Repertoire deen allm\u00e9iglech Genres ofdeckt fir sech dem Publikum z\u2019adapt\u00e9ieren a sou fir ee gelongenen Owend ze suergen bei dem all M\u00ebnsch op seng K\u00e4schte k\u00ebnnt.<\/span><\/p>\n\n\n<figure class=\"wp-block-image size-large\"><img loading=\"lazy\" decoding=\"async\" width=\"1024\" height=\"576\" src=\"http:\/\/lausboys.lu\/wp-content\/uploads\/2024\/09\/297434506_567858494784048_3515835407193293933_n-1024x576.jpg\" alt=\"\" class=\"wp-image-327\" srcset=\"http:\/\/lausboys.lu\/wp-content\/uploads\/2024\/09\/297434506_567858494784048_3515835407193293933_n-1024x576.jpg 1024w, http:\/\/lausboys.lu\/wp-content\/uploads\/2024\/09\/297434506_567858494784048_3515835407193293933_n-300x169.jpg 300w, http:\/\/lausboys.lu\/wp-content\/uploads\/2024\/09\/297434506_567858494784048_3515835407193293933_n-768x432.jpg 768w, http:\/\/lausboys.lu\/wp-content\/uploads\/2024\/09\/297434506_567858494784048_3515835407193293933_n-1536x864.jpg 1536w, http:\/\/lausboys.lu\/wp-content\/uploads\/2024\/09\/297434506_567858494784048_3515835407193293933_n-800x450.jpg 800w, http:\/\/lausboys.lu\/wp-content\/uploads\/2024\/09\/297434506_567858494784048_3515835407193293933_n.jpg 2048w\" sizes=\"(max-width: 706px) 89vw, (max-width: 767px) 82vw, 740px\" \/><\/figure>\n","protected":false},"excerpt":{"rendered":"<p>Lausboys ass een 2018 gestartete gemeinsame Projet vun zwee Kollegen d\u00e9i allm\u00e9iglech Soir\u00e9e\u00ebn anim\u00e9ieren. Och wann de Projet Lausboys relativ rezent ass, bl\u00e9cken d\u00e9i zwee op eng laangj\u00e4reg DJ Erfarung zr\u00e9ck. Schonn vu klengem un waren den DJ Roc &amp; DJ Why Not vun der Musik faszin\u00e9iert an no an no ass d&#8217;Begeschterung fir Musik &hellip; <\/p>\n<p class=\"link-more\"><a href=\"http:\/\/lausboys.lu\/\" class=\"more-link\"><span class=\"screen-reader-text\">\u201eAbout Us\u201c<\/span> weiterlesen<\/a><\/p>\n","protected":false},"author":1,"featured_media":0,"parent":0,"menu_order":1,"comment_status":"closed","ping_status":"closed","template":"","meta":{"spay_email":"","footnotes":""},"class_list":["post-123","page","type-page","status-publish","hentry"],"yoast_head":"<!-- This site is optimized with the Yoast SEO plugin v25.3.1 - https:\/\/yoast.com\/wordpress\/plugins\/seo\/ -->\n<title>About Us - Lausboys<\/title>\n<meta name=\"robots\" content=\"index, follow, max-snippet:-1, max-image-preview:large, max-video-preview:-1\" \/>\n<link rel=\"canonical\" href=\"https:\/\/lausboys.lu\/\" \/>\n<meta property=\"og:locale\" content=\"de_DE\" \/>\n<meta property=\"og:type\" content=\"article\" \/>\n<meta property=\"og:title\" content=\"About Us - Lausboys\" \/>\n<meta property=\"og:description\" content=\"Lausboys ass een 2018 gestartete gemeinsame Projet vun zwee Kollegen d\u00e9i allm\u00e9iglech Soir\u00e9e\u00ebn anim\u00e9ieren. Och wann de Projet Lausboys relativ rezent ass, bl\u00e9cken d\u00e9i zwee op eng laangj\u00e4reg DJ Erfarung zr\u00e9ck. Schonn vu klengem un waren den DJ Roc &amp; DJ Why Not vun der Musik faszin\u00e9iert an no an no ass d&#8217;Begeschterung fir Musik &hellip; \u201eAbout Us\u201c weiterlesen\" \/>\n<meta property=\"og:url\" content=\"https:\/\/lausboys.lu\/\" \/>\n<meta property=\"og:site_name\" content=\"Lausboys\" \/>\n<meta property=\"article:publisher\" content=\"https:\/\/www.facebook.com\/lausboys\" \/>\n<meta property=\"article:modified_time\" content=\"2025-06-26T14:09:58+00:00\" \/>\n<meta property=\"og:image\" content=\"http:\/\/lausboys.lu\/wp-content\/uploads\/2021\/09\/DA9ECB7E-71E4-46DF-8258-C0684B791189.jpg\" \/>\n<meta name=\"twitter:card\" content=\"summary_large_image\" \/>\n<meta name=\"twitter:label1\" content=\"Gesch\u00e4tzte Lesezeit\" \/>\n\t<meta name=\"twitter:data1\" content=\"2\u00a0Minuten\" \/>\n<script type=\"application\/ld+json\" class=\"yoast-schema-graph\">{\"@context\":\"https:\/\/schema.org\",\"@graph\":[{\"@type\":\"WebPage\",\"@id\":\"https:\/\/lausboys.lu\/\",\"url\":\"https:\/\/lausboys.lu\/\",\"name\":\"About Us - Lausboys\",\"isPartOf\":{\"@id\":\"http:\/\/lausboys.lu\/#website\"},\"primaryImageOfPage\":{\"@id\":\"https:\/\/lausboys.lu\/#primaryimage\"},\"image\":{\"@id\":\"https:\/\/lausboys.lu\/#primaryimage\"},\"thumbnailUrl\":\"http:\/\/lausboys.lu\/wp-content\/uploads\/2021\/09\/DA9ECB7E-71E4-46DF-8258-C0684B791189.jpg\",\"datePublished\":\"2018-09-24T11:46:34+00:00\",\"dateModified\":\"2025-06-26T14:09:58+00:00\",\"breadcrumb\":{\"@id\":\"https:\/\/lausboys.lu\/#breadcrumb\"},\"inLanguage\":\"de\",\"potentialAction\":[{\"@type\":\"ReadAction\",\"target\":[\"https:\/\/lausboys.lu\/\"]}]},{\"@type\":\"ImageObject\",\"inLanguage\":\"de\",\"@id\":\"https:\/\/lausboys.lu\/#primaryimage\",\"url\":\"http:\/\/lausboys.lu\/wp-content\/uploads\/2021\/09\/DA9ECB7E-71E4-46DF-8258-C0684B791189.jpg\",\"contentUrl\":\"http:\/\/lausboys.lu\/wp-content\/uploads\/2021\/09\/DA9ECB7E-71E4-46DF-8258-C0684B791189.jpg\",\"width\":960,\"height\":640},{\"@type\":\"BreadcrumbList\",\"@id\":\"https:\/\/lausboys.lu\/#breadcrumb\",\"itemListElement\":[{\"@type\":\"ListItem\",\"position\":1,\"name\":\"Startseite\",\"item\":\"https:\/\/lausboys.lu\/\"},{\"@type\":\"ListItem\",\"position\":2,\"name\":\"About Us\"}]},{\"@type\":\"WebSite\",\"@id\":\"http:\/\/lausboys.lu\/#website\",\"url\":\"http:\/\/lausboys.lu\/\",\"name\":\"Lausboys | Wedding & Event Deejays\",\"description\":\"Wedding &amp; Event Deejays\",\"publisher\":{\"@id\":\"http:\/\/lausboys.lu\/#organization\"},\"potentialAction\":[{\"@type\":\"SearchAction\",\"target\":{\"@type\":\"EntryPoint\",\"urlTemplate\":\"http:\/\/lausboys.lu\/?s={search_term_string}\"},\"query-input\":{\"@type\":\"PropertyValueSpecification\",\"valueRequired\":true,\"valueName\":\"search_term_string\"}}],\"inLanguage\":\"de\"},{\"@type\":\"Organization\",\"@id\":\"http:\/\/lausboys.lu\/#organization\",\"name\":\"Lausboys\",\"url\":\"http:\/\/lausboys.lu\/\",\"logo\":{\"@type\":\"ImageObject\",\"inLanguage\":\"de\",\"@id\":\"http:\/\/lausboys.lu\/#\/schema\/logo\/image\/\",\"url\":\"http:\/\/lausboys.lu\/wp-content\/uploads\/2024\/09\/cropped-lausboys.png\",\"contentUrl\":\"http:\/\/lausboys.lu\/wp-content\/uploads\/2024\/09\/cropped-lausboys.png\",\"width\":225,\"height\":77,\"caption\":\"Lausboys\"},\"image\":{\"@id\":\"http:\/\/lausboys.lu\/#\/schema\/logo\/image\/\"},\"sameAs\":[\"https:\/\/www.facebook.com\/lausboys\",\"https:\/\/www.instagram.com\/lausboys\/\"]}]}<\/script>\n<!-- \/ Yoast SEO plugin. -->","yoast_head_json":{"title":"About Us - Lausboys","robots":{"index":"index","follow":"follow","max-snippet":"max-snippet:-1","max-image-preview":"max-image-preview:large","max-video-preview":"max-video-preview:-1"},"canonical":"https:\/\/lausboys.lu\/","og_locale":"de_DE","og_type":"article","og_title":"About Us - Lausboys","og_description":"Lausboys ass een 2018 gestartete gemeinsame Projet vun zwee Kollegen d\u00e9i allm\u00e9iglech Soir\u00e9e\u00ebn anim\u00e9ieren. Och wann de Projet Lausboys relativ rezent ass, bl\u00e9cken d\u00e9i zwee op eng laangj\u00e4reg DJ Erfarung zr\u00e9ck. Schonn vu klengem un waren den DJ Roc &amp; DJ Why Not vun der Musik faszin\u00e9iert an no an no ass d&#8217;Begeschterung fir Musik &hellip; \u201eAbout Us\u201c weiterlesen","og_url":"https:\/\/lausboys.lu\/","og_site_name":"Lausboys","article_publisher":"https:\/\/www.facebook.com\/lausboys","article_modified_time":"2025-06-26T14:09:58+00:00","og_image":[{"url":"http:\/\/lausboys.lu\/wp-content\/uploads\/2021\/09\/DA9ECB7E-71E4-46DF-8258-C0684B791189.jpg","type":"","width":"","height":""}],"twitter_card":"summary_large_image","twitter_misc":{"Gesch\u00e4tzte Lesezeit":"2\u00a0Minuten"},"schema":{"@context":"https:\/\/schema.org","@graph":[{"@type":"WebPage","@id":"https:\/\/lausboys.lu\/","url":"https:\/\/lausboys.lu\/","name":"About Us - Lausboys","isPartOf":{"@id":"http:\/\/lausboys.lu\/#website"},"primaryImageOfPage":{"@id":"https:\/\/lausboys.lu\/#primaryimage"},"image":{"@id":"https:\/\/lausboys.lu\/#primaryimage"},"thumbnailUrl":"http:\/\/lausboys.lu\/wp-content\/uploads\/2021\/09\/DA9ECB7E-71E4-46DF-8258-C0684B791189.jpg","datePublished":"2018-09-24T11:46:34+00:00","dateModified":"2025-06-26T14:09:58+00:00","breadcrumb":{"@id":"https:\/\/lausboys.lu\/#breadcrumb"},"inLanguage":"de","potentialAction":[{"@type":"ReadAction","target":["https:\/\/lausboys.lu\/"]}]},{"@type":"ImageObject","inLanguage":"de","@id":"https:\/\/lausboys.lu\/#primaryimage","url":"http:\/\/lausboys.lu\/wp-content\/uploads\/2021\/09\/DA9ECB7E-71E4-46DF-8258-C0684B791189.jpg","contentUrl":"http:\/\/lausboys.lu\/wp-content\/uploads\/2021\/09\/DA9ECB7E-71E4-46DF-8258-C0684B791189.jpg","width":960,"height":640},{"@type":"BreadcrumbList","@id":"https:\/\/lausboys.lu\/#breadcrumb","itemListElement":[{"@type":"ListItem","position":1,"name":"Startseite","item":"https:\/\/lausboys.lu\/"},{"@type":"ListItem","position":2,"name":"About Us"}]},{"@type":"WebSite","@id":"http:\/\/lausboys.lu\/#website","url":"http:\/\/lausboys.lu\/","name":"Lausboys | Wedding & Event Deejays","description":"Wedding &amp; Event Deejays","publisher":{"@id":"http:\/\/lausboys.lu\/#organization"},"potentialAction":[{"@type":"SearchAction","target":{"@type":"EntryPoint","urlTemplate":"http:\/\/lausboys.lu\/?s={search_term_string}"},"query-input":{"@type":"PropertyValueSpecification","valueRequired":true,"valueName":"search_term_string"}}],"inLanguage":"de"},{"@type":"Organization","@id":"http:\/\/lausboys.lu\/#organization","name":"Lausboys","url":"http:\/\/lausboys.lu\/","logo":{"@type":"ImageObject","inLanguage":"de","@id":"http:\/\/lausboys.lu\/#\/schema\/logo\/image\/","url":"http:\/\/lausboys.lu\/wp-content\/uploads\/2024\/09\/cropped-lausboys.png","contentUrl":"http:\/\/lausboys.lu\/wp-content\/uploads\/2024\/09\/cropped-lausboys.png","width":225,"height":77,"caption":"Lausboys"},"image":{"@id":"http:\/\/lausboys.lu\/#\/schema\/logo\/image\/"},"sameAs":["https:\/\/www.facebook.com\/lausboys","https:\/\/www.instagram.com\/lausboys\/"]}]}},"_links":{"self":[{"href":"http:\/\/lausboys.lu\/wp-json\/wp\/v2\/pages\/123"}],"collection":[{"href":"http:\/\/lausboys.lu\/wp-json\/wp\/v2\/pages"}],"about":[{"href":"http:\/\/lausboys.lu\/wp-json\/wp\/v2\/types\/page"}],"author":[{"embeddable":true,"href":"http:\/\/lausboys.lu\/wp-json\/wp\/v2\/users\/1"}],"replies":[{"embeddable":true,"href":"http:\/\/lausboys.lu\/wp-json\/wp\/v2\/comments?post=123"}],"version-history":[{"count":12,"href":"http:\/\/lausboys.lu\/wp-json\/wp\/v2\/pages\/123\/revisions"}],"predecessor-version":[{"id":377,"href":"http:\/\/lausboys.lu\/wp-json\/wp\/v2\/pages\/123\/revisions\/377"}],"wp:attachment":[{"href":"http:\/\/lausboys.lu\/wp-json\/wp\/v2\/media?parent=123"}],"curies":[{"name":"wp","href":"https:\/\/api.w.org\/{rel}","templated":true}]}}